{"id":119,"date":"2017-01-14T02:53:32","date_gmt":"2017-01-14T01:53:32","guid":{"rendered":"http:\/\/fahrschulebanane.de\/?page_id=119"},"modified":"2018-10-21T15:49:32","modified_gmt":"2018-10-21T14:49:32","slug":"rezepte","status":"publish","type":"page","link":"http:\/\/fahrschulebanane.de\/?page_id=119","title":{"rendered":"Rezepte"},"content":{"rendered":"<p><img loading=\"lazy\" class=\"alignleft size-medium wp-image-160\" src=\"http:\/\/fahrschulebanane.de\/wp-content\/uploads\/2017\/01\/glitzer_banane-209x300.gif\" alt=\"\" width=\"209\" height=\"300\" \/><strong>Schnelles Bananeneis<\/strong><br \/>\n(Zutaten f\u00fcr 2-4 Personen)<\/p>\n<p>150 g Milchpulver<br \/>\n2 gesch\u00e4lte, in Scheiben geschnittene Bananen<br \/>\n150 g Puderzucker<br \/>\n1\/2 l Milch<br \/>\n1\/2 Teel. Vanille-Aroma<\/p>\n<p>Alle Zutaten verr\u00fchren, in Eisschalen f\u00fcllen und ins Gefrierfach stellen.<br \/>\n&#8212;&#8212;&#8212;&#8212;&#8212;&#8212;&#8212;&#8212;&#8212;&#8212;&#8212;&#8212;&#8212;&#8212;&#8212;&#8212;&#8212;&#8212;&#8212;&#8212;&#8212;&#8212;&#8212;&#8212;&#8212;&#8212;&#8212;&#8212;&#8212;<\/p>\n<p><strong>Bananen W\u00fcrstchen<\/strong><br \/>\n(Zutaten f\u00fcr 6 Personen)<\/p>\n<p>6 Bananen<br \/>\n6 Scheiben Speck<br \/>\n4 Essl\u00f6ffel Zitronensaft<br \/>\n6 Ananasringe<br \/>\n6 Wiener W\u00fcrstchen<\/p>\n<p>Die Bananen sch\u00e4len und in den Zitronensaft tauchen. Danach der L\u00e4nge nach durchschneiden und je ein Wiener W\u00fcrstchen zwischen die H\u00e4lften legen. Das &#8222;Bananenw\u00fcrstchen&#8220; in eine Speckscheibe Wickeln und mit einem Zahnstocher befestigen. Ein Loch in die Mitte der Ananasscheiben schneiden, das gro\u00df genug ist, um die Bananenw\u00fcrstchen hinstellen zu k\u00f6nnen. In einer gut gefetteten Bratsch\u00fcssel 5-7 Minuten grillen.<\/p>\n<p>&#8212;&#8212;&#8212;&#8212;&#8212;&#8212;&#8212;&#8212;&#8212;&#8212;&#8212;&#8212;&#8212;&#8212;&#8212;&#8212;&#8212;&#8212;&#8212;&#8212;&#8212;&#8212;&#8212;&#8212;&#8212;&#8212;&#8212;&#8212;&#8212;<\/p>\n<p><img loading=\"lazy\" class=\"size-medium wp-image-269 alignleft\" src=\"http:\/\/fahrschulebanane.de\/wp-content\/uploads\/2017\/01\/20160824_163000-300x169.jpg\" alt=\"\" width=\"300\" height=\"169\" srcset=\"http:\/\/fahrschulebanane.de\/wp-content\/uploads\/2017\/01\/20160824_163000-300x169.jpg 300w, http:\/\/fahrschulebanane.de\/wp-content\/uploads\/2017\/01\/20160824_163000-768x432.jpg 768w, http:\/\/fahrschulebanane.de\/wp-content\/uploads\/2017\/01\/20160824_163000-1024x576.jpg 1024w\" sizes=\"(max-width: 300px) 100vw, 300px\" \/><\/p>\n<p><strong>Bananen Milchshake (Autofahrershake)<\/strong><br \/>\n(Zutaten f\u00fcr 1 Person)<\/p>\n<p>1-2 zerdr\u00fcckte Bananen<br \/>\n1 Teel\u00f6ffel Honig oder Zucker<br \/>\n1\/4 Liter kalte Milch<\/p>\n<p>Die Bananen mit den anderen Zutaten in ein Mixgef\u00e4ss geben und schaumig r\u00fchren.<br \/>\nTipp: Mit einem Hauch Muskat servieren.<\/p>\n<p>&#8212;&#8212;&#8212;&#8212;&#8212;&#8212;&#8212;&#8212;&#8212;&#8212;&#8212;&#8212;&#8212;&#8212;&#8212;&#8212;&#8212;&#8212;&#8212;&#8212;&#8212;&#8212;&#8212;&#8212;&#8212;&#8212;&#8212;&#8212;&#8212;<\/p>\n<p>&nbsp;<\/p>\n<p><strong>Bananen Paella<\/strong><br \/>\n(Zutaten f\u00fcr 8 Personen)<\/p>\n<p>750g Hackfleisch 250g gekochter Reis<br \/>\n1 gehackte Zwiebel 1\/2 Liter Tomatensaft<br \/>\n4 Essl\u00f6ffel \u00d6l\u00a0 1 Teel\u00f6ffel Paprika<br \/>\n3 in scheiben geschnittene Bananen\u00a0 2 Teel\u00f6ffel Salz<\/p>\n<p>Den Reis in drei Tassen Wasser garen und das Fleisch sowie die Zwiebeln in \u00d6l leicht anbr\u00e4unen. Die restlichen Zutaten hinzuf\u00fcgen, wenn n\u00f6tig mit etwas Wasser, in eine gefettete, feuerfeste Form geben, zudecken und bei mittlerer Hitze (175\u00b0 C) backen lassen. Den Deckel abnehmen, die Form wieder in die Bratr\u00f6hre schieben und das Fleisch kurz \u00fcberbr\u00e4unen.<\/p>\n<p>&#8212;&#8212;&#8212;&#8212;&#8212;&#8212;&#8212;&#8212;&#8212;&#8212;&#8212;&#8212;&#8212;&#8212;&#8212;&#8212;&#8212;&#8212;&#8212;&#8212;&#8212;&#8212;&#8212;&#8212;&#8212;&#8212;&#8212;&#8212;&#8212;<\/p>\n<p>&nbsp;<\/p>\n<p><strong>Bananenwaffeln<\/strong><br \/>\n(Zutaten f\u00fcr 8-10 Waffeln)<\/p>\n<p>300g Mehl 1\/4 &#8211; 1\/2 Liter kalte Milch<br \/>\n4 Teel\u00f6ffel Backpulver 6 Essl\u00f6ffel zerlassene Butter o. \u00d6l<br \/>\n1\/2 Teel\u00f6ffel Salz\u00a0 5 zerdr\u00fcckte Bananen<br \/>\n2 Eier, geteilt\u00a0 2 Teel\u00f6ffel Salz<\/p>\n<p>Die trockenen Zutaten vermischen. Eigelb, Milch und Butter schlagen, die trockenen Zutaten<br \/>\ndazugeben und gut verr\u00fchren, so da\u00df ein d\u00fcnnfl\u00fcssiger Ausbackteig entsteht. Das steifgeschlagene<br \/>\nEiwei\u00df und die Bananen darunterheben und im Waffeleisen ausbacken.<br \/>\nDie Waffeln mit Sirup oder Honig und einem Teel\u00f6ffel geschlagener Sahne servieren.<\/p>\n","protected":false},"excerpt":{"rendered":"<p>Schnelles Bananeneis (Zutaten f\u00fcr 2-4 Personen) 150 g Milchpulver 2 gesch\u00e4lte, in Scheiben geschnittene Bananen 150 g Puderzucker 1\/2 l Milch 1\/2 Teel. Vanille-Aroma Alle Zutaten verr\u00fchren, in Eisschalen f\u00fcllen und ins Gefrierfach stellen. &#8212;&#8212;&#8212;&#8212;&#8212;&#8212;&#8212;&#8212;&#8212;&#8212;&#8212;&#8212;&#8212;&#8212;&#8212;&#8212;&#8212;&#8212;&#8212;&#8212;&#8212;&#8212;&#8212;&#8212;&#8212;&#8212;&#8212;&#8212;&#8212; Bananen W\u00fcrstchen (Zutaten f\u00fcr 6 <a class=\"more-link\" href=\"http:\/\/fahrschulebanane.de\/?page_id=119\">weiterlesen  <span class=\"screen-reader-text\">  Rezepte<\/span><span class=\"meta-nav\">&rarr;<\/span><\/a><\/p>\n","protected":false},"author":1,"featured_media":0,"parent":0,"menu_order":6,"comment_status":"closed","ping_status":"closed","template":"","meta":[],"_links":{"self":[{"href":"http:\/\/fahrschulebanane.de\/index.php?rest_route=\/wp\/v2\/pages\/119"}],"collection":[{"href":"http:\/\/fahrschulebanane.de\/index.php?rest_route=\/wp\/v2\/pages"}],"about":[{"href":"http:\/\/fahrschulebanane.de\/index.php?rest_route=\/wp\/v2\/types\/page"}],"author":[{"embeddable":true,"href":"http:\/\/fahrschulebanane.de\/index.php?rest_route=\/wp\/v2\/users\/1"}],"replies":[{"embeddable":true,"href":"http:\/\/fahrschulebanane.de\/index.php?rest_route=%2Fwp%2Fv2%2Fcomments&post=119"}],"version-history":[{"count":4,"href":"http:\/\/fahrschulebanane.de\/index.php?rest_route=\/wp\/v2\/pages\/119\/revisions"}],"predecessor-version":[{"id":270,"href":"http:\/\/fahrschulebanane.de\/index.php?rest_route=\/wp\/v2\/pages\/119\/revisions\/270"}],"wp:attachment":[{"href":"http:\/\/fahrschulebanane.de\/index.php?rest_route=%2Fwp%2Fv2%2Fmedia&parent=119"}],"curies":[{"name":"wp","href":"https:\/\/api.w.org\/{rel}","templated":true}]}}