{"id":163,"date":"2017-01-14T04:03:22","date_gmt":"2017-01-14T03:03:22","guid":{"rendered":"http:\/\/fahrschulebanane.de\/?page_id=163"},"modified":"2024-01-09T15:34:13","modified_gmt":"2024-01-09T14:34:13","slug":"impressum","status":"publish","type":"page","link":"http:\/\/fahrschulebanane.de\/?page_id=163","title":{"rendered":"Impressum &#038; Datenschutzerkl\u00e4rung"},"content":{"rendered":"<h3>Fahrschule Banane UG (haftungsbeschr\u00e4nkt)<\/h3>\n<p>Schlossergasse 2<\/p>\n<p>88250 Weingarten<\/p>\n<p>Gesch\u00e4ftsf\u00fchrer und verantwortlicher Leiter: Raimund Wei\u00dfenrieder<\/p>\n<p>Amtsgericht Ulm Registergericht HRB 731521<\/p>\n<p>Unsatzsteuer ID: DE298067659<\/p>\n<p>Tel.: 0751 \/ 43300<\/p>\n<p>HandyNr.: 0152 \/ 54023422<\/p>\n<p>Email: fs.banane.ug<a href=\"mailto:raimund.weissenrieder@gmail.com\">@gmail.com<\/a><\/p>\n<div class=\"textLayer\">\n<h3><strong>Fahrschule Banane UG <\/strong>(haftungsbeschr\u00e4nkt)<\/h3>\n<h4><strong>Datenschutzerkl\u00e4rung<\/strong><\/h4>\n<h5><\/h5>\n<h5><strong>1. Datenschutz auf einen Blick<\/strong><\/h5>\n<h6><\/h6>\n<h6><strong>Allgemeine Hinweise<\/strong><\/h6>\n<div>Die folgenden Hinweise geben einen einfachen \u00dcberblick dar\u00fcber, was mit Ihren<\/div>\n<div>personenbezogenen Daten passiert, wenn Sie unsere Website besuchen.<\/div>\n<div>Personenbezogene Daten sind alle Daten, mit denen Sie pers\u00f6nlich identifiziert<\/div>\n<div>werden k\u00f6nnen. Ausf\u00fchrliche Informationen zum Thema Datenschutz entnehmen Sie<\/div>\n<p>unserer unter diesem Text aufgef\u00fchrten Datenschutzerkl\u00e4rung.<\/p>\n<\/div>\n<div class=\"textLayer\">\n<h6><strong>Datenerfassung auf unserer Website<\/strong><\/h6>\n<div><strong>Wer ist verantwortlich f\u00fcr die Datenerfassung auf dieser Website?<\/strong><\/div>\n<div>Die Datenverarbeitung auf dieser Website erfolgt durch den Websitebetreiber. Dessen<\/div>\n<div>Kontaktdaten k\u00f6nnen Sie dem Impressum dieser Website entnehmen.<\/div>\n<div><strong>Wie erfassen wir Ihre Daten?<\/strong><\/div>\n<div>Ihre Daten werden zum einen dadurch erhoben, dass Sie uns diese mitteilen. Hierbei<\/div>\n<div>kann es sich z.B. um Daten handeln, die Sie in ein Kontaktformular eingeben.<\/div>\n<div>Andere Daten werden automatisch beim Besuch der Website durch unsere IT-<\/div>\n<div>Systeme erfasst. Das sind vor allem technische Daten (z.B. Internetbrowser,<\/div>\n<div>Betriebssystem oder Uhrzeit des Seitenaufrufs). Die Erfassung dieser Daten erfolgt<\/div>\n<div>automatisch, sobald Sie unsere Website betreten.<\/div>\n<div><strong>Wof\u00fcr nutzen wir Ihre Daten?<\/strong><\/div>\n<div>Ein Teil der Daten wird erhoben, um eine fehlerfreie Bereitstellung der Website zu<\/div>\n<div>gew\u00e4hrleisten. Andere Daten k\u00f6nnen zur Analyse Ihres Nutzerverhaltens verwendet<\/div>\n<div>werden.<\/div>\n<div><strong>Welche Rechte haben Sie bez\u00fcglich Ihrer Daten?<\/strong><\/div>\n<div>Sie haben jederzeit das Recht unentgeltlich Auskunft \u00fcber Herkunft, Empf\u00e4nger und<\/div>\n<div>Zweck Ihrer gespeicherten personenbezogenen Daten zu erhalten. Sie haben<\/div>\n<div>au\u00dferdem ein Recht, die Berichtigung, Sperrung oder L\u00f6schung dieser Daten zu<\/div>\n<div>verlangen. Hierzu sowie zu weiteren Fragen zum Thema Datenschutz k\u00f6nnen Sie sich<\/div>\n<div>jederzeit unter der im Impressum angegebenen Adresse an uns wenden. Des<\/div>\n<div>Weiteren steht Ihnen ein Beschwerderecht bei der zust\u00e4ndigen Aufsichtsbeh\u00f6rde zu.<\/div>\n<div><strong>Analyse-Tools und Tools von Drittanbietern<\/strong><\/div>\n<div>Beim Besuch unserer Website kann Ihr Surf-Verhalten statistisch ausgewertet werden.<\/div>\n<div>Das geschieht vor allem mit Cookies und mit sogenannten Analyseprogrammen. Die<\/div>\n<div>Analyse Ihres Surf-Verhaltens erfolgt in der Regel anonym; das Surf-Verhalten kann<\/div>\n<div>nicht zu Ihnen zur\u00fcckverfolgt werden. Sie k\u00f6nnen dieser Analyse widersprechen oder<\/div>\n<\/div>\n<div>sie durch die Nichtbenutzung bestimmter Tools verhindern. Detaillierte Informationen<\/div>\n<div>dazu finden Sie in der folgenden Datenschutzerkl\u00e4rung.<\/div>\n<div>Sie k\u00f6nnen dieser Analyse widersprechen. \u00dcber die Widerspruchsm\u00f6glichkeiten<\/div>\n<p>werden wir Sie in dieser Datenschutzerkl\u00e4rung informieren.<\/p>\n<h5><strong>2. Allgemeine Hinweise und Pflichtinformationen<\/strong><\/h5>\n<h6><strong>Datenschutz<\/strong><\/h6>\n<div>Die Betreiber dieser Seiten nehmen den Schutz Ihrer pers\u00f6nlichen Daten sehr ernst.<\/div>\n<div>Wir behandeln Ihre personenbezogenen Daten vertraulich und entsprechend der<\/div>\n<div>gesetzlichen Datenschutzvorschriften sowie dieser Datenschutzerkl\u00e4rung.<\/div>\n<div>Wenn Sie diese Website benutzen, werden verschiedene personenbezogene Daten<\/div>\n<div>erhoben. Personenbezogene Daten sind Daten, mit denen Sie pers\u00f6nlich identifiziert<\/div>\n<div>werden k\u00f6nnen. Die vorliegende Datenschutzerkl\u00e4rung erl\u00e4utert, welche Daten wir<\/div>\n<div>erheben und wof\u00fcr wir sie nutzen. Sie erl\u00e4utert auch, wie und zu welchem Zweck das<\/div>\n<div>geschieht.<\/div>\n<div>Wir weisen darauf hin, dass die Daten\u00fcbertragung im Internet (z.B. bei der<\/div>\n<div>Kommunikation per E-Mail) Sicherheitsl\u00fccken aufweisen kann. Ein l\u00fcckenloser Schutz<\/div>\n<div>der Daten vor dem Zugriff durch Dritte ist nicht m\u00f6glich.<\/div>\n<div><\/div>\n<div><strong>Hinweis zur verantwortlichen Stelle<\/strong><\/div>\n<div>Die verantwortliche Stelle f\u00fcr die Datenverarbeitung auf dieser Website ist:<\/div>\n<div><\/div>\n<div>Fahrschule Banane UG (haftungsbeschr\u00e4nkt)<\/div>\n<div><\/div>\n<div>Schlossergasse 2<\/div>\n<div><\/div>\n<div>88250 Weingarten<\/div>\n<div><\/div>\n<div>Telefon: +49 (0) 751 43300<\/div>\n<div><\/div>\n<div>E-Mail: raimund.weissenrieder@gmail.com<\/div>\n<div><\/div>\n<div>Verantwortliche Stelle ist die nat\u00fcrliche oder juristische Person, die allein oder<\/div>\n<div>gemeinsam mit anderen \u00fcber die Zwecke und Mittel der Verarbeitung von<\/div>\n<div>personenbezogenen Daten (z.B. Namen, E-Mail-Adressen o. \u00c4.) entscheidet.<\/div>\n<div><\/div>\n<div><strong>Widerruf Ihrer Einwilligung zur Datenverarbeitung<\/strong><\/div>\n<div>Viele Datenverarbeitungsvorg\u00e4nge sind nur mit Ihrer ausdr\u00fccklichen Einwilligung<\/div>\n<div>m\u00f6glich. Sie k\u00f6nnen eine bereits erteilte Einwilligung jederzeit widerrufen. Dazu<\/div>\n<div>reicht eine formlose Mitteilung per E-Mail an uns. Die Rechtm\u00e4\u00dfigkeit der bis zum<\/div>\n<div>Widerruf erfolgten Datenverarbeitung bleibt vom Widerruf unber\u00fchrt.<\/div>\n<div><\/div>\n<div class=\"canvasWrapper\"><strong>Recht auf Daten\u00fcbertragbarkeit<\/strong><\/div>\n<div>Sie haben das Recht, Daten, die wir auf Grundlage Ihrer Einwilligung oder in Erf\u00fcllung<\/div>\n<div>eines Vertrags automatisiert verarbeiten, an sich oder an einen Dritten in einem<\/div>\n<div>g\u00e4ngigen, maschinenlesbaren Format aush\u00e4ndigen zu lassen. Sofern Sie die direkte<\/div>\n<div>\u00dcbertragung der Daten an einen anderen Verantwortlichen verlangen, erfolgt dies<\/div>\n<div>nur, soweit es technisch machbar ist.<\/div>\n<div><\/div>\n<div><strong>SSL- bzw. TLS-Verschl\u00fcsselung<\/strong><\/div>\n<div>Diese Seite nutzt aus Sicherheitsgr\u00fcnden und zum Schutz der \u00dcbertragung<\/div>\n<div>vertraulicher Inhalte, wie zum Beispiel Bestellungen oder Anfragen, die Sie an uns als<\/div>\n<div>Seitenbetreiber senden, eine SSL-bzw. TLS-Verschl\u00fcsselung. Eine verschl\u00fcsselte<\/div>\n<div>Verbindung erkennen Sie daran, dass die Adresszeile des Browsers von \u201chttp:\/\/\u201d auf<\/div>\n<div>\u201chttps:\/\/\u201d wechselt und an dem Schloss-Symbol in Ihrer Browserzeile.<\/div>\n<div>Wenn die SSL- bzw. TLS-Verschl\u00fcsselung aktiviert ist, k\u00f6nnen die Daten, die Sie an<\/div>\n<div>uns \u00fcbermitteln, nicht von Dritten mitgelesen werden.<\/div>\n<div><\/div>\n<div><strong>Auskunft, Sperrung, L\u00f6schung<\/strong><\/div>\n<div>Sie haben im Rahmen der geltenden gesetzlichen Bestimmungen jederzeit das Recht<\/div>\n<div>auf unentgeltliche Auskunft \u00fcber Ihre gespeicherten personenbezogenen Daten,<\/div>\n<div>deren Herkunft und Empf\u00e4nger und den Zweck der Datenverarbeitung und ggf. ein<\/div>\n<div>Recht auf Berichtigung, Sperrung oder L\u00f6schung dieser Daten. Hierzu sowie zu<\/div>\n<div>weiteren Fragen zum Thema personenbezogene Daten k\u00f6nnen Sie sich jederzeit<\/div>\n<div>unter der im Impressum angegebenen Adresse an uns wenden.<\/div>\n<div><\/div>\n<div><strong>Widerspruch gegen Werbe-Mails<\/strong><\/div>\n<div>Der Nutzung von im Rahmen der Impressumspflicht ver\u00f6ffentlichten Kontaktdaten zur<\/div>\n<div>\u00dcbersendung von nicht ausdr\u00fccklich angeforderter Werbung und<\/div>\n<div>Informationsmaterialien wird hiermit widersprochen. Die Betreiber der Seiten<\/div>\n<div>behalten sich ausdr\u00fccklich rechtliche Schritte im Falle der unverlangten Zusendung<\/div>\n<div>von Werbeinformationen, etwa durch Spam-E-Mails, vor.<\/div>\n<div><\/div>\n<div><\/div>\n<h5><strong>3. Datenerfassung auf unserer Website<\/strong><\/h5>\n<h6><strong>Cookies<\/strong><\/h6>\n<div>Die Internetseiten verwenden teilweise so genannte Cookies. Cookies richten auf<\/div>\n<div>Ihrem Rechner keinen Schaden an und enthalten keine Viren. Cookies dienen dazu,<\/div>\n<div>unser Angebot nutzerfreundlicher, effektiver und sicherer zu machen. Cookies sind<\/div>\n<div>kleine Textdateien, die auf Ihrem Rechner abgelegt werden und die Ihr Browser<\/div>\n<div>speichert.<\/div>\n<div>Die meisten der von uns verwendeten Cookies sind so genannte \u201cSession-Cookies\u201d.<\/div>\n<div>Sie werden nach Ende Ihres Besuchs automatisch gel\u00f6scht. Andere Cookies bleiben<\/div>\n<div>auf Ihrem Endger\u00e4t gespeichert bis Sie diese l\u00f6schen. Diese Cookies erm\u00f6glichen es<\/div>\n<div>uns, Ihren Browser beim n\u00e4chsten Besuch wiederzuerkennen.<\/div>\n<div>Sie k\u00f6nnen Ihren Browser so einstellen, dass Sie \u00fcber das Setzen von Cookies<\/div>\n<div>informiert werden und Cookies nur im Einzelfall erlauben, die Annahme von Cookies<\/div>\n<div>f\u00fcr bestimmte F\u00e4lle oder generell ausschlie\u00dfen sowie das automatische L\u00f6schen der<\/div>\n<div>Cookies beim Schlie\u00dfen des Browser aktivieren. Bei der Deaktivierung von Cookies<\/div>\n<div>kann die Funktionalit\u00e4t dieser Website eingeschr\u00e4nkt sein.<\/div>\n<div class=\"canvasWrapper\"><\/div>\n<div>Cookies, die zur Durchf\u00fchrung des elektronischen Kommunikationsvorgangs oder zur<\/div>\n<div>Bereitstellung bestimmter, von Ihnen erw\u00fcnschter Funktionen (z.B.<\/div>\n<div>Warenkorbfunktion) erforderlich sind, werden auf Grundlage von Art. 6 Abs. 1 lit. f<\/div>\n<div>DSGVO gespeichert. Der Websitebetreiber hat ein berechtigtes Interesse an der<\/div>\n<div>Speicherung von Cookies zur technisch fehlerfreien und optimierten Bereitstellung<\/div>\n<div>seiner Dienste. Soweit andere Cookies (z.B. Cookies zur Analyse Ihres Surfverhaltens)<\/div>\n<div>gespeichert werden, werden diese in dieser Datenschutzerkl\u00e4rung gesondert<\/div>\n<div>behandelt.<\/div>\n<div><\/div>\n<div><strong>Server-Log-Dateien<\/strong><\/div>\n<div>Der Provider der Seiten erhebt und speichert automatisch Informationen in so<\/div>\n<div>genannten Server-Log-Dateien, die Ihr Browser automatisch an uns \u00fcbermittelt. Dies<\/div>\n<div>sind:<\/div>\n<div><\/div>\n<ul>\n<li>Browsertyp und Browserversion<\/li>\n<li>verwendetes Betriebssystem<\/li>\n<li>Referrer URL<\/li>\n<li>Hostname des zugreifenden Rechners<\/li>\n<li>Uhrzeit der Serveranfrage<\/li>\n<li>IP-Adresse<\/li>\n<\/ul>\n<div><\/div>\n<div>Eine Zusammenf\u00fchrung dieser Daten mit anderen Datenquellen wird nicht<\/div>\n<div>vorgenommen.<\/div>\n<div>Grundlage f\u00fcr die Datenverarbeitung ist Art. 6 Abs. 1 lit. f DSGVO, der die<\/div>\n<div>Verarbeitung von Daten zur Erf\u00fcllung eines Vertrags oder vorvertraglicher<\/div>\n<div>Ma\u00dfnahmen gestattet.<\/div>\n<div><\/div>\n<div><strong>Kontaktformular<\/strong><\/div>\n<div>Wenn Sie uns per Kontaktformular Anfragen zukommen lassen, werden Ihre Angaben<\/div>\n<div>aus dem Anfrageformular inklusive der von Ihnen dort angegebenen Kontaktdaten<\/div>\n<div>zwecks Bearbeitung der Anfrage und f\u00fcr den Fall von Anschlussfragen bei uns<\/div>\n<div>gespeichert. Diese Daten geben wir nicht ohne Ihre Einwilligung weiter.<\/div>\n<div>Die Verarbeitung der in das Kontaktformular eingegebenen Daten erfolgt somit<\/div>\n<div>ausschlie\u00dflich auf Grundlage Ihrer Einwilligung (Art. 6 Abs. 1 lit. a DSGVO). Sie<\/div>\n<div>k\u00f6nnen diese Einwilligung jederzeit widerrufen. Dazu reicht eine formlose Mitteilung<\/div>\n<div>per E-Mail an uns. Die Rechtm\u00e4\u00dfigkeit der bis zum Widerruf erfolgten<\/div>\n<div>Datenverarbeitungsvorg\u00e4nge bleibt vom Widerruf unber\u00fchrt.<\/div>\n<div>Die von Ihnen im Kontaktformular eingegebenen Daten verbleiben bei uns, bis Sie<\/div>\n<div>uns zur L\u00f6schung auffordern, Ihre Einwilligung zur Speicherung widerrufen oder der<\/div>\n<div>Zweck f\u00fcr die Datenspeicherung entf\u00e4llt (z.B. nach abgeschlossener Bearbeitung<\/div>\n<div>Ihrer Anfrage). Zwingende gesetzliche Bestimmungen \u2013 insbesondere<\/div>\n<div>Aufbewahrungsfristen \u2013 bleiben unber\u00fchrt.<\/div>\n<div><\/div>\n<div><strong>Registrierung auf dieser Website<\/strong><\/div>\n<div>Sie k\u00f6nnen sich auf unserer Website registrieren, um zus\u00e4tzliche Funktionen auf der<\/div>\n<div>Seite zu nutzen. Die dazu eingegebenen Daten verwenden wir nur zum Zwecke der<\/div>\n<div>Nutzung des jeweiligen Angebotes oder Dienstes, f\u00fcr den Sie sich registriert haben.<\/div>\n<div>Die bei der Registrierung abgefragten Pflichtangaben m\u00fcssen vollst\u00e4ndig angegeben<\/div>\n<div>werden. Anderenfalls werden wir die Registrierung ablehnen.<\/div>\n<div class=\"canvasWrapper\"><\/div>\n<div>F\u00fcr wichtige \u00c4nderungen etwa beim Angebotsumfang oder bei technisch<\/div>\n<div>notwendigen \u00c4nderungen nutzen wir die bei der Registrierung angegebene E-Mail-<\/div>\n<div>Adresse, um Sie auf diesem Wege zu informieren.<\/div>\n<div>Die Verarbeitung der bei der Registrierung eingegebenen Daten erfolgt auf Grundlage<\/div>\n<div>Ihrer Einwilligung (Art. 6 Abs. 1 lit. a DSGVO). Sie k\u00f6nnen eine von Ihnen erteilte<\/div>\n<div>Einwilligung jederzeit widerrufen. Dazu reicht eine formlose Mitteilung per E-Mail an<\/div>\n<div>uns. Die Rechtm\u00e4\u00dfigkeit der bereits erfolgten Datenverarbeitung bleibt vom Widerruf<\/div>\n<div>unber\u00fchrt.<\/div>\n<div>Die bei der Registrierung erfassten Daten werden von uns gespeichert, solange Sie<\/div>\n<div>auf unserer Website registriert sind und werden anschlie\u00dfend gel\u00f6scht. Gesetzliche<\/div>\n<div>Aufbewahrungsfristen bleiben unber\u00fchrt.<\/div>\n<div>Verarbeiten von Daten (Kunden- und Vertragsdaten)<\/div>\n<div>Wir erheben, verarbeiten und nutzen personenbezogene Daten nur, soweit sie f\u00fcr die<\/div>\n<div>Begr\u00fcndung, inhaltliche Ausgestaltung oder \u00c4nderung des Rechtsverh\u00e4ltnisses<\/div>\n<div>erforderlich sind (Bestandsdaten). Dies erfolgt auf Grundlage von Art. 6 Abs. 1 lit. b<\/div>\n<div>DSGVO, der die Verarbeitung von Daten zur Erf\u00fcllung eines Vertrags oder<\/div>\n<div>vorvertraglicher Ma\u00dfnahmen gestattet. Personenbezogene Daten \u00fcber die<\/div>\n<div>Inanspruchnahme unserer Internetseiten (Nutzungsdaten) erheben, verarbeiten und<\/div>\n<div>nutzen wir nur, soweit dies erforderlich ist, um dem Nutzer die Inanspruchnahme des<\/div>\n<div>Dienstes zu erm\u00f6glichen oder abzurechnen.<\/div>\n<div>Die erhobenen Kundendaten werden nach Abschluss des Auftrags oder Beendigung<\/div>\n<div>der Gesch\u00e4ftsbeziehung gel\u00f6scht. Gesetzliche Aufbewahrungsfristen bleiben<\/div>\n<div>unber\u00fchrt.<\/div>\n<div><\/div>\n<div><strong>Daten\u00fcbermittlung bei Vertragsschluss f\u00fcr Dienstleistungen und<\/strong><\/div>\n<div><strong>digitale Inhalte<\/strong><\/div>\n<div>Wir \u00fcbermitteln personenbezogene Daten an Dritte nur dann, wenn dies im Rahmen<\/div>\n<div>der Vertragsabwicklung notwendig ist, etwa an das mit der Zahlungsabwicklung<\/div>\n<div>beauftragte Kreditinstitut.<\/div>\n<div>Eine weitergehende \u00dcbermittlung der Daten erfolgt nicht bzw. nur dann, wenn Sie der<\/div>\n<div>\u00dcbermittlung ausdr\u00fccklich zugestimmt haben. Eine Weitergabe Ihrer Daten an Dritte<\/div>\n<div>ohne ausdr\u00fcckliche Einwilligung, etwa zu Zwecken der Werbung, erfolgt nicht.<\/div>\n<div>Grundlage f\u00fcr die Datenverarbeitung ist Art. 6 Abs. 1 lit. b DSGVO, der die<\/div>\n<div>Verarbeitung von Daten zur Erf\u00fcllung eines Vertrags oder vorvertraglicher<\/div>\n<div>Ma\u00dfnahmen gestattet.<\/div>\n<div><\/div>\n<div><\/div>\n<h5><strong>4. Analyse Tools und Werbung<\/strong><\/h5>\n<div><strong>Google reCAPTCHA<\/strong><\/div>\n<div>Wir nutzen \u201cGoogle reCAPTCHA\u201d (im Folgenden \u201creCAPTCHA\u201d) auf unseren Websites.<\/div>\n<div>Anbieter ist die Google Inc., 1600 Amphitheatre Parkway, Mountain View, CA 94043,<\/div>\n<div>USA (\u201cGoogle\u201d).<\/div>\n<div class=\"canvasWrapper\"><\/div>\n<div>Mit reCAPTCHA soll \u00fcberpr\u00fcft werden, ob die Dateneingabe auf unseren Websites<\/div>\n<div>(z.B. in einem Kontaktformular) durch einen Menschen oder durch ein automatisiertes<\/div>\n<div>Programm erfolgt. Hierzu analysiert reCAPTCHA das Verhalten des Websitebesuchers<\/div>\n<div>anhand verschiedener Merkmale. Diese Analyse beginnt automatisch, sobald der<\/div>\n<div>Websitebesucher die Website betritt. Zur Analyse wertet reCAPTCHA verschiedene<\/div>\n<div>Informationen aus (z.B. IP-Adresse, Verweildauer des Websitebesuchers auf der<\/div>\n<div>Website oder vom Nutzer get\u00e4tigte Mausbewegungen). Die bei der Analyse erfassten<\/div>\n<div>Daten werden an Google weitergeleitet.<\/div>\n<div>Die reCAPTCHA-Analysen laufen vollst\u00e4ndig im Hintergrund. Websitebesucher werden<\/div>\n<div>nicht darauf hingewiesen, dass eine Analyse stattfindet.<\/div>\n<div>Die Datenverarbeitung erfolgt auf Grundlage von Art. 6 Abs. 1 lit. f DSGVO. Der<\/div>\n<div>Websitebetreiber hat ein berechtigtes Interesse daran, seine Webangebote vor<\/div>\n<div>missbr\u00e4uchlicher automatisierter Aussp\u00e4hung und vor SPAM zu sch\u00fctzen.<\/div>\n<div>Weitere Informationen zu Google reCAPTCHA sowie die Datenschutzerkl\u00e4rung von<\/div>\n<div>Google entnehmen Sie folgenden Links:<\/div>\n<div>https:\/\/www.google.com\/intl\/de\/policies\/privacy\/<\/div>\n<div>und<\/div>\n<div>https:\/\/www.google.com\/recaptcha\/intro\/android.html<\/div>\n<div>.<\/div>\n<div><\/div>\n<div><\/div>\n<h5><strong>5. Newsletter<\/strong><\/h5>\n<div><strong>Newsletterdaten<\/strong><\/div>\n<div>Wenn Sie den auf der Website angebotenen Newsletter beziehen m\u00f6chten, ben\u00f6tigen<\/div>\n<div>wir von Ihnen eine E-Mail-Adresse sowie Informationen, welche uns die \u00dcberpr\u00fcfung<\/div>\n<div>gestatten, dass Sie der Inhaber der angegebenen E-Mail-Adresse sind und mit dem<\/div>\n<div>Empfang des Newsletters einverstanden sind. Weitere Daten werden nicht bzw. nur<\/div>\n<div>auf freiwilliger Basis erhoben. Diese Daten verwenden wir ausschlie\u00dflich f\u00fcr den<\/div>\n<div>Versand der angeforderten Informationen und geben diese nicht an Dritte weiter.<\/div>\n<div>Die Verarbeitung der in das Newsletteranmeldeformular eingegebenen Daten erfolgt<\/div>\n<div>ausschlie\u00dflich auf Grundlage Ihrer Einwilligung (Art. 6 Abs. 1 lit. a DSGVO). Die<\/div>\n<div>erteilte Einwilligung zur Speicherung der Daten, der E-Mail-Adresse sowie deren<\/div>\n<div>Nutzung zum Versand des Newsletters k\u00f6nnen Sie jederzeit widerrufen, etwa \u00fcber<\/div>\n<div>den \u201eAustragen\u201c-Link im Newsletter. Die Rechtm\u00e4\u00dfigkeit der bereits erfolgten<\/div>\n<div>Datenverarbeitungsvorg\u00e4nge bleibt vom Widerruf unber\u00fchrt.<\/div>\n<div>Die von Ihnen zum Zwecke des Newsletter-Bezugs bei uns hinterlegten Daten werden<\/div>\n<div>von uns bis zu Ihrer Austragung aus dem Newsletter gespeichert und nach der<\/div>\n<div>Abbestellung des Newsletters gel\u00f6scht. Daten, die zu anderen Zwecken bei uns<\/div>\n<div>gespeichert wurden (z.B. E-Mail-Adressen f\u00fcr den Mitgliederbereich) bleiben hiervon<\/div>\n<div>unber\u00fchrt.<\/div>\n<div><\/div>\n<h5><strong>6. Plugins und Tools<\/strong><\/h5>\n<div><strong>Google Web Fonts<\/strong><\/div>\n<div>Diese Seite nutzt zur einheitlichen Darstellung von Schriftarten so genannte Web<\/div>\n<div>Fonts, die von Google bereitgestellt werden. Beim Aufruf einer Seite l\u00e4dt Ihr Browser<\/div>\n<div>die ben\u00f6tigten Web Fonts in ihren Browsercache, um Texte und Schriftarten korrekt<\/div>\n<div>anzuzeigen.<\/div>\n<div class=\"page\" data-loaded=\"true\" data-page-number=\"6\"><\/div>\n<div class=\"page\" data-loaded=\"true\" data-page-number=\"7\"><\/div>\n<div>Zu diesem Zweck muss der von Ihnen verwendete Browser Verbindung zu den<\/div>\n<div>Servern von Google aufnehmen. Hierdurch erlangt Google Kenntnis dar\u00fcber, dass<\/div>\n<div>\u00fcber Ihre IP-Adresse unsere Website aufgerufen wurde. Die Nutzung von Google Web<\/div>\n<div>Fonts erfolgt im Interesse einer einheitlichen und ansprechenden Darstellung unserer<\/div>\n<div>Online-Angebote. Dies stellt ein berechtigtes Interesse im Sinne von Art. 6 Abs. 1 lit. f<\/div>\n<div>DSGVO dar.<\/div>\n<div>Wenn Ihr Browser Web Fonts nicht unterst\u00fctzt, wird eine Standardschrift von Ihrem<\/div>\n<div>Computer genutzt.<\/div>\n<div>Weitere Informationen zu Google Web Fonts finden Sie unter<\/div>\n<div>https:\/\/developers.google.com\/fonts\/faq<\/div>\n<div>und in der Datenschutzerkl\u00e4rung von<\/div>\n<div>Google:<\/div>\n<div>https:\/\/www.google.com\/policies\/privacy\/<\/div>\n<div>.<\/div>\n<div><\/div>\n<div><strong>Google Maps<\/strong><\/div>\n<div>Diese Seite nutzt \u00fcber eine API den Kartendienst Google Maps.<\/div>\n<div>Anbieter ist die<\/div>\n<div>Google Inc., 1600 Amphitheatre Parkway, Mountain View, CA 94043, USA.<\/div>\n<div>Zur Nutzung der Funktionen von Google Maps ist es notwendig, Ihre IP Adresse zu<\/div>\n<div>speichern. Diese Informationen werden in der Regel an einen Server von Google in<\/div>\n<div>den USA \u00fcbertragen und dort gespeichert. Der Anbieter dieser Seite hat keinen<\/div>\n<div>Einfluss auf diese Daten\u00fcbertragung.<\/div>\n<div>Die Nutzung von Google Maps erfolgt im Interesse einer ansprechenden Darstellung<\/div>\n<div>unserer Online-Angebote und an einer leichten Auffindbarkeit der von uns auf der<\/div>\n<div>Website angegebenen Orte. Dies stellt ein berechtigtes Interesse im Sinne von Art. 6<\/div>\n<div>Abs. 1 lit. f DSGVO dar.<\/div>\n<div>Mehr Informationen zum Umgang mit Nutzerdaten finden Sie in der<\/div>\n<div>Datenschutzerkl\u00e4rung von Google:<\/div>\n<div>https:\/\/www.google.de\/intl\/de\/policies\/privacy\/<\/div>\n<div>.<\/div>\n<div><\/div>\n<div><\/div>\n<div>Quelle Datenschutzerkl\u00e4rung:<\/div>\n<div>eRecht24.de<\/div>\n","protected":false},"excerpt":{"rendered":"<p>Fahrschule Banane UG (haftungsbeschr\u00e4nkt) Schlossergasse 2 88250 Weingarten Gesch\u00e4ftsf\u00fchrer und verantwortlicher Leiter: Raimund Wei\u00dfenrieder Amtsgericht Ulm Registergericht HRB 731521 Unsatzsteuer ID: DE298067659 Tel.: 0751 \/ 43300 HandyNr.: 0152 \/ 54023422 Email: fs.banane.ug@gmail.com Fahrschule Banane UG (haftungsbeschr\u00e4nkt) Datenschutzerkl\u00e4rung 1. Datenschutz auf <a class=\"more-link\" href=\"http:\/\/fahrschulebanane.de\/?page_id=163\">weiterlesen  <span class=\"screen-reader-text\">  Impressum &#038; Datenschutzerkl\u00e4rung<\/span><span class=\"meta-nav\">&rarr;<\/span><\/a><\/p>\n","protected":false},"author":1,"featured_media":0,"parent":0,"menu_order":9,"comment_status":"closed","ping_status":"closed","template":"","meta":[],"_links":{"self":[{"href":"http:\/\/fahrschulebanane.de\/index.php?rest_route=\/wp\/v2\/pages\/163"}],"collection":[{"href":"http:\/\/fahrschulebanane.de\/index.php?rest_route=\/wp\/v2\/pages"}],"about":[{"href":"http:\/\/fahrschulebanane.de\/index.php?rest_route=\/wp\/v2\/types\/page"}],"author":[{"embeddable":true,"href":"http:\/\/fahrschulebanane.de\/index.php?rest_route=\/wp\/v2\/users\/1"}],"replies":[{"embeddable":true,"href":"http:\/\/fahrschulebanane.de\/index.php?rest_route=%2Fwp%2Fv2%2Fcomments&post=163"}],"version-history":[{"count":9,"href":"http:\/\/fahrschulebanane.de\/index.php?rest_route=\/wp\/v2\/pages\/163\/revisions"}],"predecessor-version":[{"id":802,"href":"http:\/\/fahrschulebanane.de\/index.php?rest_route=\/wp\/v2\/pages\/163\/revisions\/802"}],"wp:attachment":[{"href":"http:\/\/fahrschulebanane.de\/index.php?rest_route=%2Fwp%2Fv2%2Fmedia&parent=163"}],"curies":[{"name":"wp","href":"https:\/\/api.w.org\/{rel}","templated":true}]}}